{"id":4018,"date":"2025-07-29T19:16:00","date_gmt":"2025-07-29T17:16:00","guid":{"rendered":"https:\/\/grossau.kastenhuber-solutions.de\/facilitati-comunitare\/"},"modified":"2025-10-02T01:29:09","modified_gmt":"2025-10-01T23:29:09","slug":"facilitati-comunitare","status":"publish","type":"page","link":"https:\/\/grossau.de\/ro\/facilitati-comunitare\/","title":{"rendered":"Facilit\u0103\u021bi comunitare"},"content":{"rendered":"<p>[et_pb_section fb_built=&#8221;1&#8243; admin_label=&#8221;Header&#8221; _builder_version=&#8221;4.16&#8243; _module_preset=&#8221;default&#8221; background_color=&#8221;#f5f3ee&#8221; global_colors_info=&#8221;{}&#8221;][et_pb_row column_structure=&#8221;1_2,1_2&#8243; _builder_version=&#8221;4.16&#8243; _module_preset=&#8221;default&#8221; global_colors_info=&#8221;{}&#8221;][et_pb_column type=&#8221;1_2&#8243; _builder_version=&#8221;4.16&#8243; _module_preset=&#8221;default&#8221; global_colors_info=&#8221;{}&#8221;][et_pb_text _builder_version=&#8221;4.27.4&#8243; _module_preset=&#8221;534cc526-6274-4e31-9e1a-7f18a5947bf1&#8243; header_4_font=&#8221;DM Sans|700||on|||||&#8221; header_4_text_color=&#8221;#8C9DC3&#8243; header_4_font_size=&#8221;14px&#8221; header_4_letter_spacing=&#8221;1px&#8221; header_4_line_height=&#8221;1.5em&#8221; custom_margin=&#8221;||0px||false|false&#8221; header_4_font_size_tablet=&#8221;14px&#8221; header_4_font_size_phone=&#8221;&#8221; header_4_font_size_last_edited=&#8221;on|tablet&#8221; locked=&#8221;off&#8221; global_colors_info=&#8221;{}&#8221;]<\/p>\n<h4>Istorie \u0219i cultur\u0103<\/h4>\n<p>[\/et_pb_text][et_pb_text _builder_version=&#8221;4.27.4&#8243; _dynamic_attributes=&#8221;content&#8221; _module_preset=&#8221;df96b77a-cd4f-44a8-a771-2d6347592b53&#8243; text_font=&#8221;&#8211;et_global_heading_font|700|||||||&#8221; text_text_color=&#8221;#000000&#8243; text_font_size=&#8221;40px&#8221; text_line_height=&#8221;2em&#8221; header_font=&#8221;DM Sans|700|||||||&#8221; header_2_font=&#8221;DM Sans|700|||||||&#8221; header_2_text_color=&#8221;#093532&#8243; header_2_font_size=&#8221;50px&#8221; header_2_letter_spacing=&#8221;-0.02em&#8221; header_2_line_height=&#8221;1.15em&#8221; header_2_font_size_tablet=&#8221;32px&#8221; header_2_font_size_phone=&#8221;20px&#8221; header_2_font_size_last_edited=&#8221;on|desktop&#8221; locked=&#8221;off&#8221; global_colors_info=&#8221;{}&#8221;]@ET-DC@eyJkeW5hbWljIjp0cnVlLCJjb250ZW50IjoicG9zdF90aXRsZSIsInNldHRpbmdzIjp7ImJlZm9yZSI6IiIsImFmdGVyIjoiIn19@[\/et_pb_text][et_pb_text _builder_version=&#8221;4.27.4&#8243; _module_preset=&#8221;5ff55506-da7d-4dd7-b409-9d62c7203201&#8243; text_font=&#8221;||||||||&#8221; text_text_color=&#8221;#000000&#8243; text_font_size=&#8221;16px&#8221; text_line_height=&#8221;1.8em&#8221; text_font_size_tablet=&#8221;15px&#8221; text_font_size_phone=&#8221;14px&#8221; text_font_size_last_edited=&#8221;on|phone&#8221; header_font_size_tablet=&#8221;55px&#8221; header_font_size_last_edited=&#8221;off|desktop&#8221; locked=&#8221;off&#8221; global_colors_info=&#8221;{}&#8221;]<\/p>\n<p data-start=\"180\" data-end=\"638\" style=\"text-align: justify;\">Municipalitatea noastr\u0103 ofer\u0103 mai mult dec\u00e2t peisaje frumoase \u0219i o comunitate plin\u0103 de via\u021b\u0103 &#8211; are, de asemenea, facilit\u0103\u021bi centrale care structureaz\u0103 via\u021ba de zi cu zi \u0219i permit oamenilor s\u0103 tr\u0103iasc\u0103 \u00eempreun\u0103. Fie c\u0103 este vorba despre \u0219coal\u0103, prim\u0103rie sau cimitir &#8211; fiecare dintre aceste locuri \u00eendepline\u0219te o sarcin\u0103 important\u0103 \u00een via\u021ba cet\u0103\u021benilor no\u0219tri. Pe aceast\u0103 pagin\u0103, am dori s\u0103 v\u0103 oferim o prezentare general\u0103 a acestor facilit\u0103\u021bi \u0219i s\u0103 v\u0103 ar\u0103t\u0103m cum ajut\u0103 la modelarea vie\u021bii comunit\u0103\u021bii noastre.  <\/p>\n<p>[\/et_pb_text][\/et_pb_column][et_pb_column type=&#8221;1_2&#8243; _builder_version=&#8221;4.16&#8243; _module_preset=&#8221;default&#8221; global_colors_info=&#8221;{}&#8221;][et_pb_image title_text=&#8221;ChatGPT Imagine 27 iulie 2025, 18_41_44&#8243; _builder_version=&#8221;4.27.4&#8243; _module_preset=&#8221;default&#8221; hover_enabled=&#8221;0&#8243; locked=&#8221;off&#8221; global_colors_info=&#8221;{}&#8221; sticky_enabled=&#8221;0&#8243;][\/et_pb_image][\/et_pb_column][\/et_pb_row][\/et_pb_section][et_pb_section fb_built=&#8221;1&#8243; admin_label=&#8221;Features&#8221; _builder_version=&#8221;4.16&#8243; _module_preset=&#8221;default&#8221; background_color=&#8221;#f5f3ee&#8221; custom_padding=&#8221;||34px|||&#8221; global_colors_info=&#8221;{}&#8221;][et_pb_row column_structure=&#8221;3_5,2_5&#8243; custom_padding_last_edited=&#8221;on|phone&#8221; _builder_version=&#8221;4.27.4&#8243; _module_preset=&#8221;default&#8221; background_color=&#8221;#F2EBE4&#8243; width=&#8221;90%&#8221; overflow-x=&#8221;visible&#8221; overflow-y=&#8221;visible&#8221; custom_margin=&#8221;15px||15px||true|false&#8221; custom_padding=&#8221;50px|60px|50px|60px|true|true&#8221; custom_padding_tablet=&#8221;40px|30px|40px|30px|true|true&#8221; custom_padding_phone=&#8221;|20px||20px|true|true&#8221; border_radii=&#8221;on|20px|20px|20px|20px&#8221; global_colors_info=&#8221;{}&#8221;][et_pb_column type=&#8221;3_5&#8243; _builder_version=&#8221;4.16&#8243; _module_preset=&#8221;default&#8221; global_colors_info=&#8221;{}&#8221;][et_pb_text _builder_version=&#8221;4.27.4&#8243; _module_preset=&#8221;5ff55506-da7d-4dd7-b409-9d62c7203201&#8243; text_font=&#8221;||||||||&#8221; text_text_color=&#8221;#000000&#8243; text_font_size=&#8221;16px&#8221; text_line_height=&#8221;1.8em&#8221; custom_padding=&#8221;||0px|||&#8221; text_font_size_tablet=&#8221;15px&#8221; text_font_size_phone=&#8221;14px&#8221; text_font_size_last_edited=&#8221;on|phone&#8221; header_font_size_tablet=&#8221;55px&#8221; header_font_size_last_edited=&#8221;off|desktop&#8221; locked=&#8221;off&#8221; global_colors_info=&#8221;{}&#8221;]<\/p>\n<p style=\"text-align: justify;\">Pastorul Josef Georg Konnerth, al c\u0103rui tat\u0103 era me\u0219ter constructor, a adus la Gro\u00dfau, \u00een 1893, premisele pentru construirea unei noi \u0219coli. \u00cen primul s\u0103u an de mandat, a fost adoptat\u0103 o rezolu\u021bie prezbiterial\u0103 pentru construirea unei noi \u0219coli. Datorit\u0103 insisten\u021bei pastorului Konnerth, terenul necesar a putut fi achizi\u021bionat \u00een 1899, \u00een ciuda lipsei de bani. Lucr\u0103rile de construc\u021bie au fost atribuite la 30 iulie 1905, iar cl\u0103direa a fost inaugurat\u0103 un an \u00eentreg mai t\u00e2rziu, la 23 septembrie 1906. De atunci, cuvintele &#8222;Castelul puternic al poporului nostru&#8221; au stat deasupra intr\u0103rii. Genera\u021bii de oameni din Gro\u00dfau au trecut prin aceast\u0103 \u0219coal\u0103, fideli motto-ului &#8222;cine are \u0219coal\u0103 are viitor&#8221;. Informa\u021bii suplimentare pe aceast\u0103 tem\u0103 pot fi g\u0103site \u0219i \u00een Gro\u00dfauer Blatt nr. 5-2006, sub titlul &#8222;\u0218coala german\u0103 din Gro\u00dfau \u00een jurul anului 1900&#8221;.       <\/p>\n<p>[\/et_pb_text][\/et_pb_column][et_pb_column type=&#8221;2_5&#8243; _builder_version=&#8221;4.16&#8243; _module_preset=&#8221;default&#8221; global_colors_info=&#8221;{}&#8221;][et_pb_text _builder_version=&#8221;4.27.4&#8243; _module_preset=&#8221;df96b77a-cd4f-44a8-a771-2d6347592b53&#8243; text_text_color=&#8221;#FFFFFF&#8221; header_2_font=&#8221;||||||||&#8221; header_2_text_color=&#8221;#8C9DC3&#8243; header_2_font_size=&#8221;50px&#8221; header_2_letter_spacing=&#8221;-0.02em&#8221; header_2_line_height=&#8221;1.15em&#8221; header_2_font_size_tablet=&#8221;32px&#8221; header_2_font_size_phone=&#8221;20px&#8221; header_2_font_size_last_edited=&#8221;on|desktop&#8221; locked=&#8221;off&#8221; global_colors_info=&#8221;{}&#8221;]<\/p>\n<div class=\"et_pb_module et_pb_text et_pb_text_2 et_pb_text_align_left et_pb_bg_layout_light et_had_animation\">\n<div class=\"et_pb_text_inner\">\n<div class=\"et_pb_module et_pb_text et_pb_text_4 et_pb_text_align_left et_pb_bg_layout_light et_had_animation\">\n<div class=\"et_pb_text_inner\">\n<h2>\u0218coala<\/h2>\n<\/div>\n<\/div>\n<\/div>\n<\/div>\n<p>[\/et_pb_text][et_pb_image src=&#8221;https:\/\/grossau.de\/wp-content\/uploads\/2024\/08\/Schule_hist.jpg&#8221; title_text=&#8221;\u0218coala_hist&#8221; _builder_version=&#8221;4.27.4&#8243; _module_preset=&#8221;default&#8221; custom_padding=&#8221;2px|||||&#8221; global_colors_info=&#8221;{}&#8221;][\/et_pb_image][\/et_pb_column][\/et_pb_row][et_pb_row column_structure=&#8221;1_3,2_3&#8243; custom_padding_last_edited=&#8221;on|phone&#8221; _builder_version=&#8221;4.27.4&#8243; _module_preset=&#8221;default&#8221; background_color=&#8221;#F2EBE4&#8243; width=&#8221;90%&#8221; overflow-x=&#8221;visible&#8221; overflow-y=&#8221;visible&#8221; custom_margin=&#8221;15px||15px||true|false&#8221; custom_padding=&#8221;50px|60px|50px|60px|true|true&#8221; custom_padding_tablet=&#8221;40px|30px|40px|30px|true|true&#8221; custom_padding_phone=&#8221;|20px||20px|true|true&#8221; border_radii=&#8221;on|20px|20px|20px|20px&#8221; global_colors_info=&#8221;{}&#8221;][et_pb_column type=&#8221;1_3&#8243; _builder_version=&#8221;4.16&#8243; _module_preset=&#8221;default&#8221; global_colors_info=&#8221;{}&#8221;][et_pb_text _builder_version=&#8221;4.27.4&#8243; _module_preset=&#8221;df96b77a-cd4f-44a8-a771-2d6347592b53&#8243; text_text_color=&#8221;#FFFFFF&#8221; header_2_font=&#8221;||||||||&#8221; header_2_text_color=&#8221;#8C9DC3&#8243; header_2_font_size=&#8221;50px&#8221; header_2_letter_spacing=&#8221;-0.02em&#8221; header_2_line_height=&#8221;1.15em&#8221; header_2_font_size_tablet=&#8221;32px&#8221; header_2_font_size_phone=&#8221;20px&#8221; header_2_font_size_last_edited=&#8221;on|desktop&#8221; locked=&#8221;off&#8221; global_colors_info=&#8221;{}&#8221;]<\/p>\n<div class=\"et_pb_module et_pb_text et_pb_text_2 et_pb_text_align_left et_pb_bg_layout_light et_had_animation\">\n<div class=\"et_pb_text_inner\">\n<div class=\"et_pb_module et_pb_text et_pb_text_4 et_pb_text_align_left et_pb_bg_layout_light et_had_animation\">\n<div class=\"et_pb_text_inner\">\n<h2>Prim\u0103rie<\/h2>\n<\/div>\n<\/div>\n<\/div>\n<\/div>\n<p>[\/et_pb_text][et_pb_image src=&#8221;https:\/\/grossau.de\/wp-content\/uploads\/2024\/08\/Kanzlei_Grossau.jpg&#8221; title_text=&#8221;Cabinet de avocatur\u0103_Grossau&#8221; _builder_version=&#8221;4.27.4&#8243; _module_preset=&#8221;default&#8221; custom_padding=&#8221;0px|||||&#8221; global_colors_info=&#8221;{}&#8221;][\/et_pb_image][\/et_pb_column][et_pb_column type=&#8221;2_3&#8243; _builder_version=&#8221;4.27.4&#8243; _module_preset=&#8221;default&#8221; global_colors_info=&#8221;{}&#8221;][et_pb_text _builder_version=&#8221;4.27.4&#8243; _module_preset=&#8221;5ff55506-da7d-4dd7-b409-9d62c7203201&#8243; text_font=&#8221;||||||||&#8221; text_text_color=&#8221;#000000&#8243; text_font_size=&#8221;16px&#8221; text_line_height=&#8221;1.8em&#8221; custom_padding=&#8221;||0px|||&#8221; text_font_size_tablet=&#8221;15px&#8221; text_font_size_phone=&#8221;14px&#8221; text_font_size_last_edited=&#8221;on|phone&#8221; header_font_size_tablet=&#8221;55px&#8221; header_font_size_last_edited=&#8221;off|desktop&#8221; locked=&#8221;off&#8221; global_colors_info=&#8221;{}&#8221;]<\/p>\n<p style=\"text-align: justify;\">Prim\u0103ria din Gro\u00dfau este situat\u0103 pe strada principal\u0103, la aproximativ 150 de metri \u00eenainte de cimitir, \u0219i a fost construit\u0103 \u00een 1909 sub conducerea pastorului Konnerth, potrivit pastorului Weing\u00e4rtner. Dac\u0103 circula\u021bi din Europastra\u00dfe prin Kirchgasse \u0219i Br\u00fcckengasse, ve\u021bi ajunge direct \u00een pia\u021ba din fa\u021ba prim\u0103riei. <\/p>\n<p style=\"text-align: justify;\">Aceasta serve\u0219te drept sediu al consiliului municipal, \u00een timp ce apartamentul oficial al secretarului municipal este situat la ultimul etaj. Cl\u0103direa g\u0103zduie\u0219te, de asemenea, arhiva municipal\u0103, unde sunt stocate documente importante privind istoria \u0219i dezvoltarea ora\u0219ului Gro\u00dfau. <\/p>\n<p>[\/et_pb_text][\/et_pb_column][\/et_pb_row][et_pb_row column_structure=&#8221;3_5,2_5&#8243; custom_padding_last_edited=&#8221;on|phone&#8221; _builder_version=&#8221;4.27.4&#8243; _module_preset=&#8221;default&#8221; background_color=&#8221;#F2EBE4&#8243; width=&#8221;90%&#8221; overflow-x=&#8221;visible&#8221; overflow-y=&#8221;visible&#8221; custom_margin=&#8221;15px||15px||true|false&#8221; custom_padding=&#8221;50px|60px|50px|60px|true|true&#8221; custom_padding_tablet=&#8221;40px|30px|40px|30px|true|true&#8221; custom_padding_phone=&#8221;|20px||20px|true|true&#8221; border_radii=&#8221;on|20px|20px|20px|20px&#8221; global_colors_info=&#8221;{}&#8221;][et_pb_column type=&#8221;3_5&#8243; _builder_version=&#8221;4.16&#8243; _module_preset=&#8221;default&#8221; global_colors_info=&#8221;{}&#8221;][et_pb_text _builder_version=&#8221;4.27.4&#8243; _module_preset=&#8221;5ff55506-da7d-4dd7-b409-9d62c7203201&#8243; text_font=&#8221;||||||||&#8221; text_text_color=&#8221;#000000&#8243; text_font_size=&#8221;16px&#8221; text_line_height=&#8221;1.8em&#8221; custom_padding=&#8221;||0px|||&#8221; text_font_size_tablet=&#8221;15px&#8221; text_font_size_phone=&#8221;14px&#8221; text_font_size_last_edited=&#8221;on|phone&#8221; header_font_size_tablet=&#8221;55px&#8221; header_font_size_last_edited=&#8221;off|desktop&#8221; locked=&#8221;off&#8221; global_colors_info=&#8221;{}&#8221;]<\/p>\n<p style=\"text-align: justify;\">Pastorul Weing\u00e4rtner spune urm\u0103toarele \u00een cartea sa de istorie local\u0103 despre municipiul Gro\u00dfau: &#8222;Dac\u0103 urci pe dealul castelului din nordul municipiului, privitorul are parte de o imagine frumoas\u0103&#8230;. privirea ta este \u00eentotdeauna atras\u0103 mai \u00eent\u00e2i de turnul \u00eenalt al bisericii \u0219i acum \u0219i de puternica biseric\u0103 fortificat\u0103. \u00cen dep\u0103rtare, la aproximativ 10 km, te \u00eent\u00e2mpin\u0103 centura Carpa\u021bilor&#8230;R\u00e2ndurile de case apar \u0219i po\u021bi recunoa\u0219te aproape toate str\u0103zile, cimitirul, gara&#8230;&#8221;<\/p>\n<p style=\"text-align: justify;\">Cimitirul este situat pe drumul principal (Bahngasse), care duce spre comunit\u0103\u021bile montane din sudul Rom\u00e2niei, Orlat \u0219i Gura Riului, la poalele Mun\u021bilor Carpa\u021bi. Pinii \u00eenal\u021bi fac imediat clar faptul c\u0103 acest loc este ceva special &#8211; mai ales c\u00e2nd prive\u0219ti comunitatea din turnul bisericii. <\/p>\n<p>[\/et_pb_text][\/et_pb_column][et_pb_column type=&#8221;2_5&#8243; _builder_version=&#8221;4.16&#8243; _module_preset=&#8221;default&#8221; global_colors_info=&#8221;{}&#8221;][et_pb_text _builder_version=&#8221;4.27.4&#8243; _module_preset=&#8221;df96b77a-cd4f-44a8-a771-2d6347592b53&#8243; text_text_color=&#8221;#FFFFFF&#8221; header_2_font=&#8221;||||||||&#8221; header_2_text_color=&#8221;#8C9DC3&#8243; header_2_font_size=&#8221;50px&#8221; header_2_letter_spacing=&#8221;-0.02em&#8221; header_2_line_height=&#8221;1.15em&#8221; header_2_font_size_tablet=&#8221;32px&#8221; header_2_font_size_phone=&#8221;20px&#8221; header_2_font_size_last_edited=&#8221;on|desktop&#8221; locked=&#8221;off&#8221; global_colors_info=&#8221;{}&#8221;]<\/p>\n<div class=\"et_pb_module et_pb_text et_pb_text_2 et_pb_text_align_left et_pb_bg_layout_light et_had_animation\">\n<div class=\"et_pb_text_inner\">\n<div class=\"et_pb_module et_pb_text et_pb_text_4 et_pb_text_align_left et_pb_bg_layout_light et_had_animation\">\n<div class=\"et_pb_text_inner\">\n<h2>Cimitir<\/h2>\n<\/div>\n<\/div>\n<\/div>\n<\/div>\n<p>[\/et_pb_text][et_pb_image src=&#8221;https:\/\/grossau.de\/wp-content\/uploads\/2024\/08\/Friedhof-Grossau3.jpg&#8221; title_text=&#8221;Cimitirul Grossau3&#8243; _builder_version=&#8221;4.27.4&#8243; _module_preset=&#8221;default&#8221; custom_padding=&#8221;2px|||||&#8221; global_colors_info=&#8221;{}&#8221;][\/et_pb_image][\/et_pb_column][\/et_pb_row][et_pb_row custom_padding_last_edited=&#8221;on|phone&#8221; _builder_version=&#8221;4.27.4&#8243; _module_preset=&#8221;default&#8221; background_color=&#8221;#F2EBE4&#8243; width=&#8221;90%&#8221; overflow-x=&#8221;visible&#8221; overflow-y=&#8221;visible&#8221; custom_margin=&#8221;-133px|auto|-133px|auto|true|false&#8221; custom_padding=&#8221;50px|60px|50px|60px|true|true&#8221; custom_padding_tablet=&#8221;40px|30px|40px|30px|true|true&#8221; custom_padding_phone=&#8221;|20px||20px|true|true&#8221; border_radii=&#8221;on|20px|20px|20px|20px&#8221; global_colors_info=&#8221;{}&#8221;][et_pb_column type=&#8221;4_4&#8243; _builder_version=&#8221;4.16&#8243; _module_preset=&#8221;default&#8221; global_colors_info=&#8221;{}&#8221;][et_pb_text _builder_version=&#8221;4.27.4&#8243; _module_preset=&#8221;5ff55506-da7d-4dd7-b409-9d62c7203201&#8243; text_font=&#8221;||||||||&#8221; text_text_color=&#8221;#000000&#8243; text_font_size=&#8221;16px&#8221; text_line_height=&#8221;1.8em&#8221; custom_padding=&#8221;||0px|||&#8221; text_font_size_tablet=&#8221;15px&#8221; text_font_size_phone=&#8221;14px&#8221; text_font_size_last_edited=&#8221;on|phone&#8221; header_font_size_tablet=&#8221;55px&#8221; header_font_size_last_edited=&#8221;off|desktop&#8221; locked=&#8221;off&#8221; global_colors_info=&#8221;{}&#8221;]<\/p>\n<p style=\"text-align: justify;\">Potrivit pastorului Weing\u00e4rtner, Goethe a spus odat\u0103: &#8222;Dac\u0103 vrei s\u0103-\u021bi faci o imagine a unui loc, dou\u0103 lucruri sunt importante: urc\u0103-te \u00een turn \u0219i mergi la cimitir&#8221;. Acest lucru se datoreaz\u0103 faptului c\u0103 \u00eengrijirea mormintelor \u0219i a aleilor arat\u0103 modul \u00een care cei deceda\u021bi sunt onora\u021bi \u0219i aminti\u021bi \u00een via\u021ba familiilor lor. <\/p>\n<p style=\"text-align: justify;\">De\u0219i a fost cu siguran\u021b\u0103 mai \u00eenfloritor \u00een trecut, cimitirul, care se \u00eentinde pe aproximativ 1 hectar, arat\u0103 \u00een continuare foarte bine \u00eentre\u021binut. Deoarece \u00eentre\u021binerea nu mai poate fi realizat\u0103 doar de c\u0103tre persoanele \u00eendoliate, HOG \u0219i parohia Gro\u00dfau se ocup\u0103 \u00eempreun\u0103 de capel\u0103 (176 m\u00b2), de alei \u0219i de \u00eentregul teren, astfel \u00eenc\u00e2t vizitatorii s\u0103 poat\u0103 g\u0103si un loc demn \u0219i \u00eenmorm\u00e2nt\u0103rile s\u0103 poat\u0103 avea loc \u00een continuare. <\/p>\n<p style=\"text-align: justify;\">[\/et_pb_text][\/et_pb_column][\/et_pb_row][et_pb_row _builder_version=&#8221;4.27.4&#8243; _module_preset=&#8221;default&#8221; global_colors_info=&#8221;{}&#8221;][et_pb_column type=&#8221;4_4&#8243; _builder_version=&#8221;4.27.4&#8243; _module_preset=&#8221;default&#8221; global_colors_info=&#8221;{}&#8221;][\/et_pb_column][\/et_pb_row][\/et_pb_section]<\/p>\n","protected":false},"excerpt":{"rendered":"<p>Istorie \u0219i cultur\u0103Municipalitatea noastr\u0103 ofer\u0103 mai mult dec\u00e2t peisaje frumoase \u0219i o comunitate plin\u0103 de via\u021b\u0103 &#8211; are, de asemenea, facilit\u0103\u021bi centrale care structureaz\u0103 via\u021ba de zi cu zi \u0219i [&hellip;]<\/p>\n","protected":false},"author":1,"featured_media":0,"parent":0,"menu_order":0,"comment_status":"closed","ping_status":"closed","template":"","meta":{"_et_pb_use_builder":"on","_et_pb_old_content":"","_et_gb_content_width":"","_price":"","_stock":"","_tribe_ticket_header":"","_tribe_default_ticket_provider":"","_tribe_ticket_capacity":"0","_ticket_start_date":"","_ticket_end_date":"","_tribe_ticket_show_description":"","_tribe_ticket_show_not_going":false,"_tribe_ticket_use_global_stock":"","_tribe_ticket_global_stock_level":"","_global_stock_mode":"","_global_stock_cap":"","_tribe_rsvp_for_event":"","_tribe_ticket_going_count":"","_tribe_ticket_not_going_count":"","_tribe_tickets_list":"[]","_tribe_ticket_has_attendee_info_fields":false,"footnotes":"","_tec_slr_enabled":"","_tec_slr_layout":""},"class_list":["post-4018","page","type-page","status-publish","hentry"],"ticketed":false,"_links":{"self":[{"href":"https:\/\/grossau.de\/ro\/wp-json\/wp\/v2\/pages\/4018","targetHints":{"allow":["GET"]}}],"collection":[{"href":"https:\/\/grossau.de\/ro\/wp-json\/wp\/v2\/pages"}],"about":[{"href":"https:\/\/grossau.de\/ro\/wp-json\/wp\/v2\/types\/page"}],"author":[{"embeddable":true,"href":"https:\/\/grossau.de\/ro\/wp-json\/wp\/v2\/users\/1"}],"replies":[{"embeddable":true,"href":"https:\/\/grossau.de\/ro\/wp-json\/wp\/v2\/comments?post=4018"}],"version-history":[{"count":3,"href":"https:\/\/grossau.de\/ro\/wp-json\/wp\/v2\/pages\/4018\/revisions"}],"predecessor-version":[{"id":10524,"href":"https:\/\/grossau.de\/ro\/wp-json\/wp\/v2\/pages\/4018\/revisions\/10524"}],"wp:attachment":[{"href":"https:\/\/grossau.de\/ro\/wp-json\/wp\/v2\/media?parent=4018"}],"curies":[{"name":"wp","href":"https:\/\/api.w.org\/{rel}","templated":true}]}}